{"id":666,"date":"2020-07-22T20:55:55","date_gmt":"2020-07-22T18:55:55","guid":{"rendered":"https:\/\/www.groupe-awm.com\/mentions-legales\/"},"modified":"2024-12-10T13:32:03","modified_gmt":"2024-12-10T12:32:03","slug":"legal-notices","status":"publish","type":"page","link":"https:\/\/www.groupe-awm.com\/en\/legal-notices\/","title":{"rendered":"Legal notices"},"content":{"rendered":"<div class=\"wpb-content-wrapper\"><p>[vc_row full_width=&#8221;stretch_row_content_no_spaces&#8221;][vc_column][vc_single_image image=&#8221;166&#8243; img_size=&#8221;full&#8221; alignment=&#8221;center&#8221; css_animation=&#8221;fadeIn&#8221;][\/vc_column][\/vc_row][vc_row css=&#8221;.vc_custom_1598121783972{padding-top: 25px !important;}&#8221;][vc_column][vc_column_text]<\/p>\n<h2 style=\"text-align: center;\">Groupe AWM<\/h2>\n<p style=\"text-align: center;\">SAS with capital of 420 640 \u20ac<\/p>\n<p style=\"text-align: center;\"><strong>Manager\u00a0 :<\/strong><br \/>\nBruno Lemonnier<\/p>\n<p style=\"text-align: center;\"><strong>The head office :<\/strong><br \/>\n120 Impasse des M\u00fbriers<br \/>\n50110 TOURLAVILLE<br \/>\nTel. : 33 (0)2 33 43 91 46<br \/>\nFax: 33 (0)2 33 43 07 37<\/p>\n<p style=\"text-align: center;\">SIRET : 44194483200050<br \/>\nCode APE : 3320A<br \/>\nRCS Cherbourg B 441 944 832<\/p>\n<p style=\"text-align: center;\">Publication Manager: Bruno Lemonnier<\/p>\n<h4 style=\"text-align: center;\"><strong>Webdesigner<\/strong><\/h4>\n<p style=\"text-align: center;\"><strong>Alexandre Lemelle<\/strong><br \/>\n1 cit\u00e9 Jean-Baptiste Lebas 50110 Tourlaville, Cherbourg-en-Cotentin<br \/>\nT\u00e9l. : 06 64 98 03 30<br \/>\n<a href=\"https:\/\/www.webcom.me\/\" target=\"_blank\" rel=\"noopener noreferrer\">www.webcom.me<\/a><\/p>\n<h4 style=\"text-align: center;\"><strong>Hosting<\/strong><\/h4>\n<p style=\"text-align: center;\"><strong>OVH<\/strong>, 140 quai du Sartel, 59100 Roubaix<br \/>\nT\u00e9l. : 0899 701 761<\/p>\n<p>[\/vc_column_text][\/vc_column][\/vc_row]<\/p>\n<\/div>","protected":false},"excerpt":{"rendered":"<p> Groupe AWM SAS with capital of 420 640 \u20ac Manager\u00a0 : Bruno Lemonnier The head office : 120 Impasse des M\u00fbriers 50110 TOURLAVILLE Tel. : 33 (0)2 33 43 91 46 Fax: 33 (0)2 33 43 07 37 SIRET : 44194483200050 Code APE : 3320A RCS Cherbourg B 441 944 832 Publication Manager: Bruno Lemonnier Webdesigner Alexandre Lemelle 1 cit\u00e9 Jean-Baptiste Lebas 50110 Tourlaville, Cherbourg-en-Cotentin T\u00e9l. : 06 64 98 03 30 www.webcom.me Hosting OVH, 140 quai du Sartel, 59100 Roubaix T\u00e9l. : 0899 701 761 <\/p>\n","protected":false},"author":1,"featured_media":0,"parent":0,"menu_order":0,"comment_status":"closed","ping_status":"closed","template":"","meta":{"footnotes":""},"class_list":["post-666","page","type-page","status-publish","hentry"],"yoast_head":"<!-- This site is optimized with the Yoast SEO plugin v27.2 - https:\/\/yoast.com\/product\/yoast-seo-wordpress\/ -->\n<title>Legal notices - Groupe AWM<\/title>\n<meta name=\"robots\" content=\"index, follow, max-snippet:-1, max-image-preview:large, max-video-preview:-1\" \/>\n<link rel=\"canonical\" href=\"https:\/\/www.groupe-awm.com\/en\/legal-notices\/\" \/>\n<meta property=\"og:locale\" content=\"en_US\" \/>\n<meta property=\"og:type\" content=\"article\" \/>\n<meta property=\"og:title\" content=\"Legal notices - Groupe AWM\" \/>\n<meta property=\"og:description\" content=\"Groupe AWM SAS with capital of 420 640 \u20ac Manager\u00a0 : Bruno Lemonnier The head office : 120 Impasse des M\u00fbriers 50110 TOURLAVILLE Tel. : 33 (0)2 33 43 91 46 Fax: 33 (0)2 33 43 07 37 SIRET : 44194483200050 Code APE : 3320A RCS Cherbourg B 441 944 832 Publication Manager: Bruno Lemonnier Webdesigner Alexandre Lemelle 1 cit\u00e9 Jean-Baptiste Lebas 50110 Tourlaville, Cherbourg-en-Cotentin T\u00e9l. : 06 64 98 03 30 www.webcom.me Hosting OVH, 140 quai du Sartel, 59100 Roubaix T\u00e9l. : 0899 701 761\" \/>\n<meta property=\"og:url\" content=\"https:\/\/www.groupe-awm.com\/en\/legal-notices\/\" \/>\n<meta property=\"og:site_name\" content=\"Groupe AWM\" \/>\n<meta property=\"article:modified_time\" content=\"2024-12-10T12:32:03+00:00\" \/>\n<meta name=\"twitter:card\" content=\"summary_large_image\" \/>\n<meta name=\"twitter:label1\" content=\"Est. reading time\" \/>\n\t<meta name=\"twitter:data1\" content=\"1 minute\" \/>\n<script type=\"application\/ld+json\" class=\"yoast-schema-graph\">{\"@context\":\"https:\/\/schema.org\",\"@graph\":[{\"@type\":\"WebPage\",\"@id\":\"https:\/\/www.groupe-awm.com\/en\/legal-notices\/\",\"url\":\"https:\/\/www.groupe-awm.com\/en\/legal-notices\/\",\"name\":\"Legal notices - Groupe AWM\",\"isPartOf\":{\"@id\":\"https:\/\/www.groupe-awm.com\/en\/#website\"},\"datePublished\":\"2020-07-22T18:55:55+00:00\",\"dateModified\":\"2024-12-10T12:32:03+00:00\",\"breadcrumb\":{\"@id\":\"https:\/\/www.groupe-awm.com\/en\/legal-notices\/#breadcrumb\"},\"inLanguage\":\"en-US\",\"potentialAction\":[{\"@type\":\"ReadAction\",\"target\":[\"https:\/\/www.groupe-awm.com\/en\/legal-notices\/\"]}]},{\"@type\":\"BreadcrumbList\",\"@id\":\"https:\/\/www.groupe-awm.com\/en\/legal-notices\/#breadcrumb\",\"itemListElement\":[{\"@type\":\"ListItem\",\"position\":1,\"name\":\"Accueil\",\"item\":\"https:\/\/www.groupe-awm.com\/en\/\"},{\"@type\":\"ListItem\",\"position\":2,\"name\":\"Legal notices\"}]},{\"@type\":\"WebSite\",\"@id\":\"https:\/\/www.groupe-awm.com\/en\/#website\",\"url\":\"https:\/\/www.groupe-awm.com\/en\/\",\"name\":\"Groupe AWM\",\"description\":\"Un site utilisant WordPress\",\"potentialAction\":[{\"@type\":\"SearchAction\",\"target\":{\"@type\":\"EntryPoint\",\"urlTemplate\":\"https:\/\/www.groupe-awm.com\/en\/?s={search_term_string}\"},\"query-input\":{\"@type\":\"PropertyValueSpecification\",\"valueRequired\":true,\"valueName\":\"search_term_string\"}}],\"inLanguage\":\"en-US\"}]}<\/script>\n<!-- \/ Yoast SEO plugin. -->","yoast_head_json":{"title":"Legal notices - Groupe AWM","robots":{"index":"index","follow":"follow","max-snippet":"max-snippet:-1","max-image-preview":"max-image-preview:large","max-video-preview":"max-video-preview:-1"},"canonical":"https:\/\/www.groupe-awm.com\/en\/legal-notices\/","og_locale":"en_US","og_type":"article","og_title":"Legal notices - Groupe AWM","og_description":"Groupe AWM SAS with capital of 420 640 \u20ac Manager\u00a0 : Bruno Lemonnier The head office : 120 Impasse des M\u00fbriers 50110 TOURLAVILLE Tel. : 33 (0)2 33 43 91 46 Fax: 33 (0)2 33 43 07 37 SIRET : 44194483200050 Code APE : 3320A RCS Cherbourg B 441 944 832 Publication Manager: Bruno Lemonnier Webdesigner Alexandre Lemelle 1 cit\u00e9 Jean-Baptiste Lebas 50110 Tourlaville, Cherbourg-en-Cotentin T\u00e9l. : 06 64 98 03 30 www.webcom.me Hosting OVH, 140 quai du Sartel, 59100 Roubaix T\u00e9l. : 0899 701 761","og_url":"https:\/\/www.groupe-awm.com\/en\/legal-notices\/","og_site_name":"Groupe AWM","article_modified_time":"2024-12-10T12:32:03+00:00","twitter_card":"summary_large_image","twitter_misc":{"Est. reading time":"1 minute"},"schema":{"@context":"https:\/\/schema.org","@graph":[{"@type":"WebPage","@id":"https:\/\/www.groupe-awm.com\/en\/legal-notices\/","url":"https:\/\/www.groupe-awm.com\/en\/legal-notices\/","name":"Legal notices - Groupe AWM","isPartOf":{"@id":"https:\/\/www.groupe-awm.com\/en\/#website"},"datePublished":"2020-07-22T18:55:55+00:00","dateModified":"2024-12-10T12:32:03+00:00","breadcrumb":{"@id":"https:\/\/www.groupe-awm.com\/en\/legal-notices\/#breadcrumb"},"inLanguage":"en-US","potentialAction":[{"@type":"ReadAction","target":["https:\/\/www.groupe-awm.com\/en\/legal-notices\/"]}]},{"@type":"BreadcrumbList","@id":"https:\/\/www.groupe-awm.com\/en\/legal-notices\/#breadcrumb","itemListElement":[{"@type":"ListItem","position":1,"name":"Accueil","item":"https:\/\/www.groupe-awm.com\/en\/"},{"@type":"ListItem","position":2,"name":"Legal notices"}]},{"@type":"WebSite","@id":"https:\/\/www.groupe-awm.com\/en\/#website","url":"https:\/\/www.groupe-awm.com\/en\/","name":"Groupe AWM","description":"Un site utilisant WordPress","potentialAction":[{"@type":"SearchAction","target":{"@type":"EntryPoint","urlTemplate":"https:\/\/www.groupe-awm.com\/en\/?s={search_term_string}"},"query-input":{"@type":"PropertyValueSpecification","valueRequired":true,"valueName":"search_term_string"}}],"inLanguage":"en-US"}]}},"_links":{"self":[{"href":"https:\/\/www.groupe-awm.com\/en\/wp-json\/wp\/v2\/pages\/666","targetHints":{"allow":["GET"]}}],"collection":[{"href":"https:\/\/www.groupe-awm.com\/en\/wp-json\/wp\/v2\/pages"}],"about":[{"href":"https:\/\/www.groupe-awm.com\/en\/wp-json\/wp\/v2\/types\/page"}],"author":[{"embeddable":true,"href":"https:\/\/www.groupe-awm.com\/en\/wp-json\/wp\/v2\/users\/1"}],"replies":[{"embeddable":true,"href":"https:\/\/www.groupe-awm.com\/en\/wp-json\/wp\/v2\/comments?post=666"}],"version-history":[{"count":2,"href":"https:\/\/www.groupe-awm.com\/en\/wp-json\/wp\/v2\/pages\/666\/revisions"}],"predecessor-version":[{"id":3741,"href":"https:\/\/www.groupe-awm.com\/en\/wp-json\/wp\/v2\/pages\/666\/revisions\/3741"}],"wp:attachment":[{"href":"https:\/\/www.groupe-awm.com\/en\/wp-json\/wp\/v2\/media?parent=666"}],"curies":[{"name":"wp","href":"https:\/\/api.w.org\/{rel}","templated":true}]}}